{"id":6,"date":"2022-01-06T08:47:02","date_gmt":"2022-01-06T07:47:02","guid":{"rendered":"https:\/\/finca-feliz-mallorca.com\/en\/?page_id=6"},"modified":"2022-01-06T10:11:19","modified_gmt":"2022-01-06T09:11:19","slug":"datenschutz","status":"publish","type":"page","link":"https:\/\/finca-feliz-mallorca.com\/en\/datenschutz\/","title":{"rendered":"Privacy"},"content":{"rendered":"\n<p><a href=\"https:\/\/onlineshop-starten.de\/wp-admin\/edit.php?post_type=page\"><\/a><\/p>\n\n\n\n<div class=\"wp-block-group single-track\"><div class=\"wp-block-group__inner-container is-layout-flow wp-block-group-is-layout-flow\">\n<h1 class=\"wp-block-heading\">Datenschutzerkl\u00e4rung<\/h1>\n\n\n\n<h2 class=\"wp-block-heading\">Verantwortlich im Sinne der DSGVO<\/h2>\n\n\n\n<p class=\"listcaption\">Mechthild Kathke-Brech<\/p>\n\n\n\n<p>E-Mail: <a href=\"mailto:info@finca-feliz-mallorca.com\">info@finca-feliz-mallorca.com<\/a><\/p>\n\n\n\n<h2 class=\"wp-block-heading\">Erhebung personenbezogener Daten<\/h2>\n\n\n\n<p>Im Folgenden informieren wir \u00fcber die Erhebung personenbezogener Daten bei Nutzung unserer Website. Personenbezogene Daten sind alle Daten, die auf Sie pers\u00f6nlich beziehbar sind, z. B. Name, Adresse, E-Mail-Adressen, Nutzerverhalten.<\/p>\n\n\n\n<h2 class=\"wp-block-heading\">Verarbeitungszwecke und Rechtsgrundlagen<\/h2>\n\n\n\n<p>Wir verarbeiten Ihre Daten grunds\u00e4tzlich nur, wenn Sie Kontakt mit uns aufnehmen, um Ihre Fragen zu beantworten oder um mit Ihnen einen Vertrag abzuschlie\u00dfen. Wenn Sie Kontakt mit uns aufnehmen (E-Mail, Kontaktformular, etc.) verarbeiten wir Ihre Daten gem. Art. 6 Abs. 1 lit. a) DSGVO. Wenn ein Vertrag abgeschlossen wird bzw. werden soll, verarbeiten wir Ihre Daten zur Erf\u00fcllung des Vertrags. Rechtsgrundlage dieser Datenverarbeitungen ist Art. 6 Abs.1 lit.b) DSGVO. Ansonsten verarbeiten wir Ihre Daten in unseren oder eines Dritten berechtigten Interesse gem. Art 6 Abs. 1 lit. f) sofern nicht Ihre schutzw\u00fcrdigen Interessen \u00fcberwiegen. &nbsp;Die Bereitstellung Ihrer Daten ist weder gesetzlich noch vertraglich vorgeschrieben, aber f\u00fcr den Vertragsschluss und dessen Erf\u00fcllung erforderlich. Er erfolgt weder eine automatisierte Entscheidungsfindung noch Profiling gem\u00e4\u00df Art. 22 DSGVO.<\/p>\n\n\n\n<h2 class=\"wp-block-heading\">Betroffenenrechte<\/h2>\n\n\n\n<p><strong>Auskunftsrecht<\/strong>: Sie k\u00f6nnen von uns gem. Art. 15 DSGVO jederzeit Auskunft \u00fcber die Daten erhalten, welche wir zu Ihrer Person gespeichert haben.<\/p>\n\n\n\n<p><strong>Recht auf Berichtigung<\/strong>: Fehler in den zu Ihrer Person von uns gespeicherten Daten korrigieren wird auf Ihre Anforderung hin gem. Art. 16 DSGVO.<\/p>\n\n\n\n<p><strong>Recht auf L\u00f6schung<\/strong>: Wir l\u00f6schen die zu Ihrer Person von uns gespeicherten Daten auf Ihre Anforderung gem. Art. 17 DSGVO hin, sofern dem keinen gesetzliche Vorschriften zur Speicherung von Daten aus Gesch\u00e4ftsvorf\u00e4llen (Aufbewahrungsfristen) entgegenstehen.<\/p>\n\n\n\n<p><strong>Recht auf Einschr\u00e4nkung der Verarbeitung<\/strong>: Sie haben das Recht, von uns die Einschr\u00e4nkung der Verarbeitung der zu Ihrer Person von uns gespeicherten Daten zu verlangen, wenn eine der Voraussetzungen nach Art. 18 DSGVO daf\u00fcr gegeben ist.<\/p>\n\n\n\n<p><strong>Widerspruchsrecht<\/strong>: Sie haben das Recht unter den Voraussetzungen des Art. 21 DSGVO der Verarbeitung Ihrer Daten zu widersprechen.<\/p>\n\n\n\n<p><strong>Recht auf Daten\u00fcbertragbarkeit<\/strong>: Sie haben unter den Voraussetzungen des Art. 20 DSGVO das Recht auf Daten\u00fcbertragbarkeit.<\/p>\n\n\n\n<p><strong>Widerrufsrecht<\/strong>: Sie haben das Recht, bei Art. 6 Abs.1 a) oder Art. 9 Abs.2 a) DSGVO Ihre Einwilligung nach den Bestimmungen des Art. 7 Abs. 3 DSGVO zu widerrufen.<\/p>\n\n\n\n<p><strong>Beschwerderecht bei der Aufsichtsbeh\u00f6rde<\/strong>: Sie haben das Recht, sich bei der nach der DSGVO zust\u00e4ndigen Aufsichtsbeh\u00f6rde zu beschweren.<\/p>\n\n\n\n<p class=\"listcaption\"><strong>Zur Einforderung Ihrer Betroffenenrechte senden Sie uns bitte eine schriftliche Mitteilung an: <\/strong><\/p>\n\n\n\n<p>E-Mail: <a href=\"mailto:info@finca-feliz-mallorca.com\">info@finca-feliz-mallorca.com<\/a><\/p>\n\n\n\n<h2 class=\"wp-block-heading\">Aufbewahrungsfristen und L\u00f6schung <\/h2>\n\n\n\n<p>Ihre personenbezogenen Daten werden von uns nur so lange gespeichert, wie dies zur Erreichung des mit der Speicherung verbundenen Zwecks erforderlich ist. Dieser Zweck kann sich auch durch gesetzliche Vorgaben ergeben (Aufbewahrungsfristen f\u00fcr Daten zu Dokumentationszwecken).<\/p>\n\n\n\n<p>Nach Fortfall des jeweiligen Zweckes bzw. des Ablaufs der gesetzlichen Aufbewahrungsfristen werden die entsprechenden Daten routinem\u00e4\u00dfig gel\u00f6scht.<\/p>\n\n\n\n<h2 class=\"wp-block-heading\">Weitergabe der Daten an Dritte <\/h2>\n\n\n\n<p class=\"listcaption\">\n\n\n\n\n\n\n\n\n\n\n\n\n\n\n\n\n\nEine \u00dcbermittlung Ihrer pers\u00f6nlichen Daten an\nDritte finden in der Regel nicht statt. Ausnahmen:\n\n\n\n<\/p>\n\n\n\n<ul class=\"wp-block-list\"><li>Sie haben Ihre ausdr\u00fcckliche Einwilligung dazu erteilt<\/li><li>Die Datenweitergabe ist zur Abwicklung eines Vertrags mit Ihnen erforderlich<\/li><li>Die Datenweitergabe ist zur Erf\u00fcllung einer rechtlichen Verpflichtung erforderlich<\/li><li>Die Datenweitergabe ist zur Wahrung berechtigter Interessen erforderlich<\/li><li>Es besteht kein Grund zur Annahme, dass Sie ein \u00fcberwiegendes schutzw\u00fcrdiges Interesse an der Nichtweitergabe Ihrer Daten haben<\/li><\/ul>\n\n\n\n<h2 class=\"wp-block-heading\">Daten\u00fcbermittlung in Drittstaaten<\/h2>\n\n\n\n<p>Durch die Verabschiedung der europ\u00e4ischen Datenschutz-Grundverordnung (DS-GVO) wurde eine einheitliche Grundlage f\u00fcr den Datenschutz in Europa geschaffen. Ihre Daten werden daher vorwiegend durch Unternehmen verarbeitet, f\u00fcr die DS-GVO Anwendung findet. Sollte doch die Verarbeitung durch Dienste Dritter au\u00dferhalb der Europ\u00e4ischen Union oder des Europ\u00e4ischen Wirtschaftsraums stattfinden, so m\u00fcssen diese die besonderen Voraussetzungen der Art. 44 ff. DS-GVO erf\u00fcllen.<\/p>\n\n\n\n<p>Das bedeutet, die Verarbeitung erfolgt aufgrund besonderer Garantien, wie etwa die von der EU-Kommission offiziell anerkannte Feststellung eines der EU entsprechenden Datenschutzniveaus oder der Beachtung offiziell anerkannter spezieller vertraglicher Verpflichtungen, der so genannten \u201eStandardvertragsklauseln\u201c.<\/p>\n\n\n\n<p>Soweit wir aufgrund der Unwirksamkeit des sog. \u201ePrivacy Shields\u201c, nach Art. 49 Abs. 1 S. 1 lit. a) DSGVO die ausdr\u00fcckliche Einwilligung in die Daten\u00fcbermittlung in die USA von Ihnen einholen, weisen wird diesbez\u00fcglich auf das Risiko eines geheimen Zugriffs durch US-Beh\u00f6rden und die Nutzung der Daten zu \u00dcberwachungszwecken, ggf. ohne Rechtsbehelfsm\u00f6glichkeiten f\u00fcr EU-B\u00fcrger, hin.<\/p>\n\n\n\n<h2 class=\"wp-block-heading\">Erfassung allgemeiner Informationen <\/h2>\n\n\n\n<p>Bei der Benutzung dieser Webseite werden automatisch Informationen allgemeiner technischer Natur erfasst. Beispiele sind die Art des Webbrowsers, das verwendete Betriebssystem, die bevorzugte Sprache und \u00c4hnliches.<\/p>\n\n\n\n<p>Informationen dieser Art sind technisch erforderlich, um die angeforderten Inhalte korrekt auszuliefern. Sie werden von uns gelegentlich statistisch ausgewertet, um unseren Internetauftritt und die dahinterstehende Technik f\u00fcr die verschiedenen Zugriffsszenarien zu optimieren.<\/p>\n\n\n\n<h2 class=\"wp-block-heading\">Kontaktformular und Verschl\u00fcsselung<\/h2>\n\n\n\n<p>Treten Sie \u00fcber eines der Kontaktformulare der Website mit uns in Verbindung, werden die von Ihnen gemachten Angaben f\u00fcr die Bearbeitung der Anfrage sowie f\u00fcr m\u00f6gliche sp\u00e4tere Fragen gespeichert. Dies gilt sinngem\u00e4\u00df auch f\u00fcr die Daten, die Sie uns per E-Mail senden oder telefonisch \u00fcbermitteln.<\/p>\n\n\n\n<p>Um Ihre Daten bei der \u00dcbertragung des Kontaktformulars vor unberechtigten Zugriffen zu sch\u00fctzen, verwenden wir dem aktuellen Stand der Technik entsprechende Verschl\u00fcsselungsverfahren \u00fcber das HTTPS Protokoll.<\/p>\n\n\n\n<h2 class=\"wp-block-heading\">Webanalyse, Monitoring und Optimierung<\/h2>\n\n\n\n<p>Die Webanalyse (auch als &#8220;Reichweitenmessung&#8221; bezeichnet) dient der Auswertung der Besucherstr\u00f6me unseres Onlineangebotes. Mit Hilfe der Reichweitenanalyse k\u00f6nnen wir z.B. erkennen, zu welcher Zeit unser Onlineangebot oder dessen Funktionen oder Inhalte am h\u00e4ufigsten genutzt werden oder zur Wiederverwendung einladen. Ebenso k\u00f6nnen wir nachvollziehen, welche Bereiche der Optimierung bed\u00fcrfen.<\/p>\n\n\n\n<p>Neben der Webanalyse k\u00f6nnen wir auch Testverfahren einsetzen, um z.B. unterschiedliche Versionen unseres Onlineangebotes oder seiner Bestandteile zu testen und optimieren.<\/p>\n\n\n\n<p>Zu diesen Zwecken k\u00f6nnen sogenannte Nutzerprofile angelegt und in einer Datei (sogenannte &#8220;Cookie&#8221;) gespeichert oder \u00e4hnliche Verfahren mit dem gleichen Zweck genutzt werden. Zu diesen Angaben k\u00f6nnen z.B. betrachtete Inhalte, besuchte Webseiten und dort genutzte Elemente und technische Angaben, wie der verwendete Browser, das verwendete Computersystem sowie Angaben zu Nutzungszeiten geh\u00f6ren. Sofern Nutzer in die Erhebung ihrer Standortdaten eingewilligt haben, k\u00f6nnen je nach Anbieter auch diese verarbeitet werden.<\/p>\n\n\n\n<p>Es werden ebenfalls die IP-Adressen der Nutzer gespeichert. Jedoch nutzen wir ein IP-Masking-Verfahren (d.h., Pseudonymisierung durch K\u00fcrzung der IP-Adresse) zum Schutz der Nutzer. Generell werden die im Rahmen von Webanalyse, A\/B-Testings und Optimierung keine Klardaten der Nutzer (wie z.B. E-Mail-Adressen oder Namen) gespeichert, sondern Pseudonyme. D.h., wir als auch die Anbieter der eingesetzten Software kennen nicht die tats\u00e4chliche Identit\u00e4t der Nutzer, sondern nur den f\u00fcr Zwecke der jeweiligen Verfahren in deren Profilen gespeicherten Angaben.<\/p>\n\n\n\n<p class=\"listcaption\"><strong>Hinweise zu Rechtsgrundlagen<\/strong>: Sofern wir die Nutzer um deren Einwilligung in den Einsatz der Drittanbieter bitten, ist die Rechtsgrundlage der Verarbeitung von Daten die Einwilligung. Ansonsten werden die Daten der Nutzer auf Grundlage unserer berechtigten Interessen (d.h. Interesse an effizienten, wirtschaftlichen und empf\u00e4ngerfreundlichen Leistungen) verarbeitet. In diesem Zusammenhang m\u00f6chten wir Sie auch auf die Informationen zur Verwendung von Cookies in dieser Datenschutzerkl\u00e4rung hinweisen.<\/p>\n\n\n\n<ul class=\"wp-block-list\"><li><strong>Betroffene Personen<\/strong>: Nutzer (z.B. Webseitenbesucher, Nutzer von Onlinediensten).<\/li><li><strong>Zwecke der Verarbeitung<\/strong>: Reichweitenmessung (z.B. Zugriffsstatistiken, Erkennung wiederkehrender Besucher), Tracking (z.B. interessens-\/verhaltensbezogenes Profiling, Nutzung von Cookies), Besuchsaktionsauswertung, Profiling (Erstellen von Nutzerprofilen).<\/li><li><strong>Sicherheitsma\u00dfnahmen<\/strong>: IP-Masking (Pseudonymisierung der IP-Adresse).<\/li><li><strong>Rechtsgrundlagen<\/strong>: Einwilligung (Art. 6 Abs. 1 S. 1 lit. a DSGVO), Berechtigte Interessen (Art. 6 Abs. 1 S. 1 lit. f. DSGVO).<\/li><\/ul>\n\n\n\n<p class=\"listcaption\"><strong>Eingesetzte Dienste und Diensteanbieter<\/strong>:<\/p>\n\n\n\n<ul class=\"wp-block-list\"><li><strong>Matomo (ohne Cookies)<\/strong>:<br>Bei Matomo handelt es sich um eine datenschutzfreundliche Webanalysesoftware, die ohne Cookies eingesetzt wird und bei der die Erkennung wiederkehrender Nutzer mit Hilfe eines so genannten &#8220;digitalen Fingerabdrucks&#8221; erfolgt, der anonymisiert gespeichert und alle 24 Stunden ge\u00e4ndert wird; Beim &#8220;digitalen Fingerabdruck&#8221; werden Nutzerbewegungen innerhalb unseres Onlineangebotes mit Hilfe von pseudonymisierten IP-Adressen in Kombination mit nutzerseitige Browsereinstellungen so erfasst, dass R\u00fcckschl\u00fcsse auf die Identit\u00e4t einzelner Nutzer nicht m\u00f6glich sind;  Dienstanbieter: Webanalyse \/ Reichweitenmessung im Selbsthosting;  Website: <a href=\"https:\/\/matomo.org\" target=\"blank\" rel=\"noopener noreferrer\"> matomo.org <\/a>.<\/li><\/ul>\n\n\n\n<h2 class=\"wp-block-heading\">\u00c4nderungen <\/h2>\n\n\n\n<p>Wir behalten uns vor, diese Datenschutzerkl\u00e4rung jederzeit anzupassen,\num aktuellen rechtlichen Anforderungen Gen\u00fcge zu leisten oder um \u00c4nderungen an\nder Website datenschutzrechtlich zu ber\u00fccksichtigen. Bei einem erneuten Besuch\nunserer Website gilt dann die neue Datenschutzerkl\u00e4rung.<\/p>\n\n\n\n<h3 class=\"footer wp-block-heading\">Stand: Juli 2021 <\/h3>\n<\/div><\/div>\n","protected":false},"excerpt":{"rendered":"<p>Datenschutzerkl\u00e4rung Verantwortlich im Sinne der DSGVO Mechthild Kathke-Brech E-Mail: info@finca-feliz-mallorca.com Erhebung personenbezogener Daten Im Folgenden informieren wir \u00fcber die Erhebung personenbezogener Daten bei Nutzung unserer Website. Personenbezogene Daten sind alle Daten, die auf Sie pers\u00f6nlich beziehbar sind, z. B. Name, Adresse, E-Mail-Adressen, Nutzerverhalten. Verarbeitungszwecke und Rechtsgrundlagen Wir verarbeiten Ihre Daten grunds\u00e4tzlich nur, wenn Sie Kontakt&hellip; <a class=\"more-link\" href=\"https:\/\/finca-feliz-mallorca.com\/en\/datenschutz\/\">Continue reading <span class=\"screen-reader-text\">Privacy<\/span><\/a><\/p>\n","protected":false},"author":2,"featured_media":0,"parent":0,"menu_order":0,"comment_status":"closed","ping_status":"closed","template":"","meta":{"footnotes":""},"class_list":["post-6","page","type-page","status-publish","hentry","entry"],"_links":{"self":[{"href":"https:\/\/finca-feliz-mallorca.com\/en\/wp-json\/wp\/v2\/pages\/6","targetHints":{"allow":["GET"]}}],"collection":[{"href":"https:\/\/finca-feliz-mallorca.com\/en\/wp-json\/wp\/v2\/pages"}],"about":[{"href":"https:\/\/finca-feliz-mallorca.com\/en\/wp-json\/wp\/v2\/types\/page"}],"author":[{"embeddable":true,"href":"https:\/\/finca-feliz-mallorca.com\/en\/wp-json\/wp\/v2\/users\/2"}],"replies":[{"embeddable":true,"href":"https:\/\/finca-feliz-mallorca.com\/en\/wp-json\/wp\/v2\/comments?post=6"}],"version-history":[{"count":2,"href":"https:\/\/finca-feliz-mallorca.com\/en\/wp-json\/wp\/v2\/pages\/6\/revisions"}],"predecessor-version":[{"id":17,"href":"https:\/\/finca-feliz-mallorca.com\/en\/wp-json\/wp\/v2\/pages\/6\/revisions\/17"}],"wp:attachment":[{"href":"https:\/\/finca-feliz-mallorca.com\/en\/wp-json\/wp\/v2\/media?parent=6"}],"curies":[{"name":"wp","href":"https:\/\/api.w.org\/{rel}","templated":true}]}}