{"id":2,"date":"2022-01-06T08:28:40","date_gmt":"2022-01-06T07:28:40","guid":{"rendered":"https:\/\/finca-feliz-mallorca.com\/en\/?page_id=2"},"modified":"2022-01-06T10:27:23","modified_gmt":"2022-01-06T09:27:23","slug":"beispiel-seite","status":"publish","type":"page","link":"https:\/\/finca-feliz-mallorca.com\/en\/","title":{"rendered":"Finca Feliz Mallorca"},"content":{"rendered":"\n<div id=\"overview\" class=\"wp-block-group road\"><div class=\"wp-block-group__inner-container is-layout-flow wp-block-group-is-layout-flow\">\n<div class=\"wp-block-group single-track\"><div class=\"wp-block-group__inner-container is-layout-flow wp-block-group-is-layout-flow\">\n<p>Eingebettet in einen traumhaften Garten mit Zitrushain, Feigenb\u00e4umen und Palmen liegt die landestypisch aus Naturstein erbaute Finca Feliz&nbsp; in einer ruhigen Wohngegend Bunyolas. Ob Sie auf das zum UNSESCO-Welterbe geh\u00f6rende Tramuntana-Gebirge, das Meer oder Palma blicken: Auf dem knapp 4.300 qm gro\u00dfen Grundst\u00fcck k\u00f6nnen Sie vom Alltag abschalten und die Seele baumeln lassen.<\/p>\n\n\n\n<p>Das gelegentliche \u201eI-a\u201c von Nachbars Esel oder das Kikeriki seines Hahns unterstreicht die l\u00e4ndliche Idylle.<\/p>\n\n\n\n<p>Aufgrund ihrer Gr\u00f6\u00dfe und Raumaufteilung eignet sich die Finca bestens f\u00fcr gro\u00dfe und befreundete Familien sowie kleinere Gruppen (Wandern, Radfahren, Golfen).<\/p>\n\n\n\n<p>Oder suchen Sie als Coach, Yogalehrer, Seminarleiter oder Firma einen Ort der Ruhe, um abgeschieden vom Trubel Palmas \u2013 und dennoch nur einen Katzensprung davon entfernt \u2013 mit ihren Coachees, Seminarteilnehmern, Klienten oder Mitarbeitern arbeiten, lernen oder die Gruppendynamik st\u00e4rken zu k\u00f6nnen?<\/p>\n\n\n\n<p>Pool, Sonnenterrasse, gro\u00dfe Liegewiese, BBQ mit \u00fcberdachtem Freisitz sind nur einige der Highlights, die Sie im Au\u00dfenbereich der Finca Feliz erwarten.<\/p>\n\n\n\n<p>Im Inneren l\u00e4dt Sie ein 53 qm gro\u00dfer Wohn-\/ Essbereich mit gem\u00fctlicher Couchlandschaft zum Relaxen ein. Der Holzesstisch in warmen Braunt\u00f6nen, aus einem einzigen Baum gefertigt, harmoniert ausgezeichnet mit dem pistaziengr\u00fcnen Couchtisch \u2013 ebenfalls eine Einzelanfertigung. Die vollausgestattete K\u00fcche ist ger\u00e4umig genug, um das Kochen in geselliger Runde zum Erlebnis werden zu lassen. An die Gemeinschaftsr\u00e4ume schlie\u00dfen sich die Schlafzimmer an, jedes f\u00fcr sich mit viel Liebe und eigenem Stil eingerichtet. Die hellen und modernen Tageslichtb\u00e4der (eines mit Badewanne) verf\u00fcgen \u00fcber qualit\u00e4tsvolle Installationen. WLAN (Glasfaser) ist selbstverst\u00e4ndlich im ganzen Haus verf\u00fcgbar.<\/p>\n\n\n\n<p>Ob nahe gelegene Restaurants oder als Ausgangspunkt f\u00fcr eine Vielzahl von Freizeitaktivit\u00e4ten \u2013 die Finca Feliz erf\u00fcllt Ihnen alle W\u00fcnsche.<\/p>\n<\/div><\/div>\n<\/div><\/div>\n\n\n\n<div id=\"innerarea\" class=\"wp-block-group\"><div class=\"wp-block-group__inner-container is-layout-flow wp-block-group-is-layout-flow\">\n<h2 class=\"wp-block-heading\">Innenbereich mit gro\u00dfz\u00fcgiger Raumaufteilung<\/h2>\n\n\n\n<div class=\"wp-block-group single-track\"><div class=\"wp-block-group__inner-container is-layout-flow wp-block-group-is-layout-flow\">\n<p>\u00dcber einen typisch spanischen Innenhof, den Patio, gelangt man ins Innere der Finca Feliz Mallorca. 192 Quadratmeter Wohnfl\u00e4che bieten Platz f\u00fcr bis zu 10 Personen und ein Baby. Sie ist deshalb auch gut f\u00fcr kleine Gruppen geeignet. Alle R\u00e4ume sind ebenerdig und gro\u00dfz\u00fcgig geschnitten. Der Wohn- und Essbereich bietet den idealen Rahmen f\u00fcr ein Gemeinschaftserlebnis. Eine gro\u00dfe \u00fcberdachte Terrasse erweitert diesen Raum nach au\u00dfen hin.<\/p>\n\n\n\n\n\n\n<p><strong>Diele mit Entr\u00e9e<\/strong><\/p>\n\n\n\n<p>Ausstattung: Ablage, Sitzgelegenheit, Garderobe, 2 x 2-t\u00fcriger Einbaukleiderschrank<\/p>\n\n\n\n<p><strong>Kombiniertes Wohn-\/ Esszimmer<\/strong><\/p>\n\n\n\n<p>Ausstattung: &nbsp; Massivholztisch mit Platz f\u00fcr 10 Personen,<\/p>\n\n\n\n<p>Wohnlandschaft mit mehreren Couchm\u00f6beln, Couchtisch, Flachbildfernseher, Mini-HiFi-Anlage, Sat-TV<\/p>\n\n\n\n<p>Anrichte<\/p>\n\n\n\n<p>zwei offene Kamine, die jedoch zum Schutz vor V\u00f6geln stillgelegt sind<\/p>\n\n\n\n<p>Aircondition<\/p>\n\n\n\n<p><strong>K\u00fcche<\/strong><\/p>\n\n\n\n<p>Ausstattung<strong>:<\/strong> K\u00fccheninsel<strong>, <\/strong>Elektroherd mit Cerankochfeld, Mikrowelle, Geschirrsp\u00fclmaschine, K\u00fchlschrank, Tiefk\u00fchlschrank, Toaster, Mixer, Entsafter, Kaffeemaschine, Wasserkocher, Verbandskasten, separate Vorratskammer<\/p>\n\n\n\n<p>Aircondition<\/p>\n\n\n\n<p><strong>5 Schlafzimmer: a<\/strong>lle mit Bettw\u00e4sche, Spiegel, zwei Nachttischen, zwei Nachttischlampen und Ventilator<\/p>\n\n\n\n<p>1 x Masterbedroom (Bett 2 x 2 m) mit En-Suite-Bad, zwei Einbaukleiderschr\u00e4nke<\/p>\n\n\n\n<p>2 x Schlafzimmer mit zwei Einzelbetten (je 1 x 2 m), die bei Bedarf zusammengestellt werden k\u00f6nnen; ein Schlafzimmer mit Einbaukleiderschrank, eines mit Kommode<\/p>\n\n\n\n<p>1 x Schlafzimmer mit zwei Einzelbetten (je 1 x 2 m), Einbaukleiderschrank<\/p>\n\n\n\n<p>1 x Schlafzimmer mit Grand-Lit (1,40 x 2 m), Kommode<\/p>\n\n\n\n<p><strong>3 Badezimmer: <\/strong>alle Badezimmer mit Spiegel, F\u00f6n, Kosmetikspiegel, Handtuchhalter, Ablage, Papierkorb und Zahnputzbecher<\/p>\n\n\n\n<p>Badezimmer 1: En-Suite-Bad: begehbare Dusche, Doppelwaschbecken, Toilette, Bidet<\/p>\n\n\n\n<p>Badezimmer 2: Bad mit Badewanne, Waschbecken, Toilette, Bidet<\/p>\n\n\n\n<p>Badezimmer 3: Dusche, Waschbecken, Toilette<\/p>\n<\/div><\/div>\n\n\n\n<div class=\"wp-block-columns masonryAB is-layout-flex wp-container-core-columns-is-layout-9d6595d7 wp-block-columns-is-layout-flex\">\n<div class=\"wp-block-column masonryA is-layout-flow wp-block-column-is-layout-flow\" style=\"flex-basis:66.66%\">\n<figure class=\"wp-block-image size-large\"><img decoding=\"async\" src=\"https:\/\/finca-feliz-mallorca.com\/wp-content\/uploads\/2021\/05\/Finca-Feliz-Mallorca-Wohnzimmer.jpg\" alt=\"\" class=\"wp-image-112\"\/><\/figure>\n<\/div>\n\n\n\n<div class=\"wp-block-column masonryB is-layout-flow wp-block-column-is-layout-flow\" style=\"flex-basis:33.33%\">\n<figure class=\"wp-block-image size-large\"><img decoding=\"async\" src=\"https:\/\/finca-feliz-mallorca.com\/wp-content\/uploads\/2021\/07\/Finca-Feliz-Mallorca-Abendessen-mit-Ausblick.jpg\" alt=\"\" class=\"wp-image-205\"\/><\/figure>\n<\/div>\n<\/div>\n\n\n\n<div class=\"wp-block-columns masonryAB is-layout-flex wp-container-core-columns-is-layout-9d6595d7 wp-block-columns-is-layout-flex\">\n<div class=\"wp-block-column masonryA is-layout-flow wp-block-column-is-layout-flow\" style=\"flex-basis:33.33%\">\n<figure class=\"wp-block-image size-large\"><img decoding=\"async\" src=\"https:\/\/finca-feliz-mallorca.com\/wp-content\/uploads\/2021\/05\/Finca-Feliz-Mallorca-Bad.jpg\" alt=\"\" class=\"wp-image-111\"\/><\/figure>\n<\/div>\n\n\n\n<div class=\"wp-block-column masonryB is-layout-flow wp-block-column-is-layout-flow\" style=\"flex-basis:66.66%\">\n<figure class=\"wp-block-image size-full\"><img decoding=\"async\" src=\"https:\/\/finca-feliz-mallorca.com\/wp-content\/uploads\/2021\/05\/Finca-Feliz-Mallorca-Schlafzimmer.jpg\" alt=\"\" class=\"wp-image-110\"\/><\/figure>\n<\/div>\n<\/div>\n\n\n\n<p>Sonstige Ausstattung im Innenbereich:<\/p>\n\n\n\n<ul class=\"wp-block-list\"><li>Allergiker geeignete Bettw\u00e4sche<\/li><li>Handt\u00fccher<\/li><li>B\u00fcgeleisen und B\u00fcgelbrett<\/li><li>WLAN (Glasfaser)<\/li><li>Babybett<\/li><li>Hochstuhl<\/li><li>Heizung im ganzen Haus<\/li><li>Erste-Hilfe-Set<\/li><li>Spiele<\/li><li>B\u00fccher<\/li><li>Waschmaschine<\/li><\/ul>\n<\/div><\/div>\n\n\n\n<div id=\"outdoorarea\" class=\"wp-block-group\"><div class=\"wp-block-group__inner-container is-layout-flow wp-block-group-is-layout-flow\">\n<h2 class=\"wp-block-heading\">Au\u00dfenbereich mit Garten, Pool und Zitrushain<\/h2>\n\n\n\n<div class=\"wp-block-group single-track\"><div class=\"wp-block-group__inner-container is-layout-flow wp-block-group-is-layout-flow\">\n<p>Dem Alltag entfliehen, einen Seminartag gem\u00fctlich auf der Terrasse ausklingen lassen oder nach einer langen Rad-oder Wandertour \u00fcber die Baleareninsel entspannen \u2013 das k\u00f6nnen Sie am besten auf dem einladenden Au\u00dfenareal der Finca Feliz. Besonders sch\u00f6n ist es, wenn die Lichter von Palma in der Abendd\u00e4mmerung anfangen zu glitzern.<\/p>\n\n\n\n<p>Zu dem insgesamt 4.295 qm gro\u00dfen Grundst\u00fcck geh\u00f6rt unter anderem eine weitfl\u00e4chige Wiese \u2013 ideal f\u00fcr Kinder zum Spielen, zum Yogamachen, f\u00fcr Gruppen\u00fcbungen im Gr\u00fcnen oder einfach zum Entspannen und Natur genie\u00dfen..<\/p>\n<\/div><\/div>\n\n\n\n<div class=\"wp-block-columns masonryAB is-layout-flex wp-container-core-columns-is-layout-9d6595d7 wp-block-columns-is-layout-flex\">\n<div class=\"wp-block-column masonryA is-layout-flow wp-block-column-is-layout-flow\" style=\"flex-basis:66.66%\">\n<figure class=\"wp-block-image size-full\"><img decoding=\"async\" src=\"https:\/\/finca-feliz-mallorca.com\/wp-content\/uploads\/2021\/05\/Finca-Feliz-Mallorca-Poolbereich-am-Abend.jpg\" alt=\"\" class=\"wp-image-48\"\/><\/figure>\n\n\n\n<figure class=\"wp-block-image size-large\"><img decoding=\"async\" src=\"https:\/\/finca-feliz-mallorca.com\/wp-content\/uploads\/2021\/05\/Finca-Feliz-Mallorca-Aussenmauer-und-Poolbereich.jpg\" alt=\"\" class=\"wp-image-98\"\/><\/figure>\n<\/div>\n\n\n\n<div class=\"wp-block-column masonryB is-layout-flow wp-block-column-is-layout-flow\" style=\"flex-basis:33.33%\">\n<figure class=\"wp-block-image size-full\"><img decoding=\"async\" src=\"https:\/\/finca-feliz-mallorca.com\/wp-content\/uploads\/2021\/05\/Finca-Feliz-Mallorca-Fruehling.jpg\" alt=\"\" class=\"wp-image-51\"\/><\/figure>\n\n\n\n<p><\/p>\n\n\n\n<figure class=\"wp-block-image size-full\"><img decoding=\"async\" src=\"https:\/\/finca-feliz-mallorca.com\/wp-content\/uploads\/2021\/05\/Finca-Feliz-Mallorca-Zitonen.jpg\" alt=\"\" class=\"wp-image-52\"\/><\/figure>\n\n\n\n<p><\/p>\n\n\n\n<figure class=\"wp-block-image size-full\"><img decoding=\"async\" src=\"https:\/\/finca-feliz-mallorca.com\/wp-content\/uploads\/2021\/05\/Finca-Feliz-Mallorca-Bluete.jpg\" alt=\"\" class=\"wp-image-53\"\/><\/figure>\n<\/div>\n<\/div>\n\n\n\n<div class=\"wp-block-columns masonryC is-layout-flex wp-container-core-columns-is-layout-9d6595d7 wp-block-columns-is-layout-flex\">\n<div class=\"wp-block-column is-layout-flow wp-block-column-is-layout-flow\">\n<figure class=\"wp-block-image size-full\"><img decoding=\"async\" src=\"https:\/\/finca-feliz-mallorca.com\/wp-content\/uploads\/2021\/05\/Finca-Feliz-Mallorca-Gruppe-von-Palmen.jpg\" alt=\"\" class=\"wp-image-62\"\/><\/figure>\n<\/div>\n\n\n\n<div class=\"wp-block-column is-layout-flow wp-block-column-is-layout-flow\">\n<figure class=\"wp-block-image size-full\"><img decoding=\"async\" src=\"https:\/\/finca-feliz-mallorca.com\/wp-content\/uploads\/2021\/05\/Finca-Feliz-Mallorca-Poolbereich-mit-Sonnenuntergang.jpg\" alt=\"\" class=\"wp-image-64\"\/><\/figure>\n<\/div>\n\n\n\n<div class=\"wp-block-column is-layout-flow wp-block-column-is-layout-flow\">\n<figure class=\"wp-block-image size-full\"><img decoding=\"async\" src=\"https:\/\/finca-feliz-mallorca.com\/wp-content\/uploads\/2021\/05\/Finca-Feliz-Mallorca-Zitonenhain.jpg\" alt=\"\" class=\"wp-image-65\"\/><\/figure>\n<\/div>\n<\/div>\n\n\n\n<div class=\"wp-block-group single-track\"><div class=\"wp-block-group__inner-container is-layout-flow wp-block-group-is-layout-flow\">\n<p>Im hauseigenen, 21 qm gro\u00dfen Pool mit Ambient-Light (ganzj\u00e4hrig betrieben) k\u00f6nnen Sie sich zwischendurch mal schnell abk\u00fchlen.<\/p>\n\n\n\n<p>Unterstrichen wird das mediterrane Flair von Feigenb\u00e4umen und einem Zitrushain mit Zitronen, Orangen und Mandarinen. Beginnen Sie Ihren Tag bei einem ausgiebigen Fr\u00fchst\u00fcck auf der 60 qm gro\u00dfen, \u00fcberdachten Terrasse und genie\u00dfen Sie dabei den phantastischen Fernblick auf Palma, das Meer sowie das Tramuntana-Gebirge.<\/p>\n\n\n\n<p>Ihre Grill-Leidenschaft k\u00f6nnen Sie am Holzkohlegrill mit \u00fcberdachtem Freisitz ausleben.<\/p>\n\n\n\n<p>Ausstattung Au\u00dfenbereich:<\/p>\n\n\n\n<ul class=\"wp-block-list\"><li>Pool mit Ambient-Light<\/li><li>Au\u00dfenbad mit Toilette, Dusche und Spiegel<\/li><li>10 Daybeds im Garten<\/li><li>Terrassenm\u00f6bel<\/li><li>Sonnenschirm<\/li><li>Sonnenterrasse<\/li><li>Holzkohlegrill mit \u00fcberdachtem Freisitz<\/li><li>Zitrushain<\/li><li>Feigenb\u00e4ume<\/li><li>Lorbeerb\u00e4ume<\/li><\/ul>\n\n\n\n<p>Weiterer Service:<\/p>\n\n\n\n<ul class=\"wp-block-list\"><li>PKW-Stellpl\u00e4tze<\/li><li>Fahrradreinigung m\u00f6glich<\/li><li>Alarmanlagen gesichert<\/li><li>Organisation von gef\u00fchrten Wanderungen<\/li><\/ul>\n\n\n\n<p>Lizenznummer: ETV\/5481<\/p>\n<\/div><\/div>\n<\/div><\/div>\n\n\n\n<div class=\"wp-block-nk-awb nk-awb alignfull nk-awb-ZkmFzd\" data-ghostkit-styles=\".nk-awb-ZkmFzd { padding-top: 400px; padding-bottom: 400px; }\"><div class=\"nk-awb-wrap\" data-awb-type=\"image\" data-awb-image-background-size=\"cover\" data-awb-image-background-position=\"50% 80%\" data-awb-parallax=\"scroll\" data-awb-parallax-speed=\"0.3\" data-awb-parallax-mobile=\"false\"><div class=\"nk-awb-inner\"><img loading=\"lazy\" decoding=\"async\" src=\"https:\/\/finca-feliz-mallorca.com\/wp-content\/uploads\/2021\/05\/Ausfluege-von-der-Finca-Feliz-Mallorca-aus-unternehmen.jpg\" class=\"wp-image-76 jarallax-img\" width=\"1920\" height=\"562\" \/><\/div><\/div><\/div>\n\n\n\n<div id=\"surroundings\" class=\"wp-block-group\"><div class=\"wp-block-group__inner-container is-layout-flow wp-block-group-is-layout-flow\">\n<h2 class=\"wp-block-heading\">Mallorca kennenlernen \u2013 Ausflugziele in der Umgebung<\/h2>\n\n\n\n<div class=\"wp-block-group single-track\"><div class=\"wp-block-group__inner-container is-layout-flow wp-block-group-is-layout-flow\">\n<p>Eine Insel, die bunter und vielf\u00e4ltiger nicht sein k\u00f6nnte: Mallorca ist bekannt f\u00fcr seine vielf\u00e4ltigen Naturr\u00e4ume und das abwechslungsreiche Freizeitangebot. Au\u00dferdem finden Sie dort einige der sch\u00f6nsten Str\u00e4nde und Buchten des gesamten Mittelmeerraums: ob Sa Calobra, Port de S\u00f3ller, Es Trenc oder S&#8217;Arenal, der viel mehr zu bieten hat als nur den Ballermann. <\/p>\n\n\n\n<p>Die Entfernungen sowie die ausgezeichneten Verkehrsverbindungen erm\u00f6glichen es, Mallorca mit \u00f6ffentlichen Verkehrsmitteln, dem Mietwagen, dem Fahrrad oder auch zu Fu\u00df zu entdecken. Besonders beliebt bei Wanderern sind die Berge der Serra de Tramuntana, die zum UNNESCO-Kulturerbe geh\u00f6ren.<\/p>\n\n\n\n<p>Die wunderbaren landschaftlichen Eindr\u00fccke sowie das angenehme und sehr stabile Klima machen Mallorca gleicherma\u00dfen zum Traumziel f\u00fcr Profi- und Hobbysportler, um ihre Aktivit\u00e4ten an Land, in der Luft und im Wasser auszu\u00fcben: Schwimmen, Segeln, Tauchen, Kajak, SUP, Jetski, Tennis, Radfahren, Nordic Walking, Wandern, Bergsteigen, Leichtathletik, Reiten, Golf und vieles mehr. Der n\u00e4chste Golfplatz Son Termes ist \u00fcbrigens nur 4 km entfernt.<\/p>\n\n\n\n<p><strong>Sehensw\u00fcrdigkeiten<\/strong>:<\/p>\n\n\n\n<p>Verteilt \u00fcber die ganze Insel erz\u00e4hlt eine Vielzahl von Museen die Geschichte von Mallorca, deren Bewohnern und Br\u00e4uchen, die diese von Generation zu Generation weitergegeben haben. Mallorca diente vielen K\u00fcnstlern (zum Beispiel Joan Mir\u00f3 oder Joaqu\u00edn Soroya) au\u00dferdem als Inspirationsquelle, weshalb Kunstwerke aus allen Epochen, von der Antike bis zur Gegenwart zu finden sind. Kein Wunder also, dass die meisten Museen und Kunstgalerien in Geb\u00e4uden gro\u00dfer k\u00fcnstlerischer oder geschichtlicher Bedeutung untergebracht sind. <\/p>\n\n\n\n<p>Auch auf sakrale Architektur st\u00f6\u00dft man in allen D\u00f6rfern und St\u00e4dten Mallorcas in Form von monumentalen Kirchen, Heiligt\u00fcmern, Klausen und Kl\u00f6stern. Besonders sehenswert sind beispielsweise die Kathedarale La Seu in Palma oder das Karth\u00e4userkloster in Valldemosa, in dem Fr\u00e9d\u00e9ric Chopin und seine Lebensgef\u00e4hrtin George Sand 1838 einige Monate lebten. Jeder Ort hat \u00fcbrigens seinen Heiligen, dessen Namenstag gro\u00df gefeiert wird. In Bunyola ist es San Mateo, zu dessen Ehren am 21.09.2021 im Freien mit Speis, Trank und Tanz gefeiert wird.<\/p>\n\n\n\n<p><strong>Wochenm\u00e4rkte<\/strong><\/p>\n\n\n\n<p>Regionale Spezialit\u00e4ten, Obst, Gem\u00fcse, Kleidung, Stoff- und Flechtwaren, Kunsthandwerk \u2013 auf den Wochenm\u00e4rkten der Insel findet man alles, was das Herz begehrt. Sie sind fester Bestandteil der mallorquinischen Lebensweise und jedes Dorf, jede Stadt hat einen eigenen Markttag, ein- oder zweimal in der Woche; vormittags bis in der Regel 14.00 Uhr.<\/p>\n\n\n\n<p>Das vielf\u00e4ltige Angebot lockt nicht nur Touristen an, sondern ist ebenfalls wichtiger Treffpunkt f\u00fcr die Einheimischen, wie etwa in Sineu. Jeden Mittwoch kommen dort die Bauern aus dem Umland hin, um mit Vieh und landwirtschaftliche Erzeugnissen zu handeln oder um ihre Ger\u00e4te in den ortsans\u00e4ssigen Werkst\u00e4tten reparieren zu lassen.<\/p>\n\n\n\n<p>Weitere Wochenm\u00e4rkte in der n\u00e4heren Umgebung:<\/p>\n\n\n\n<ul class=\"wp-block-list\"><li>Bunyola: mittwochs &amp; samstags<\/li><li>Palmanyola: mittwochs und donnerstags<\/li><li>Santa Maria del Cam\u00ed: sonntags<\/li><li>S\u00f3ller: samstags<\/li><\/ul>\n\n\n\n<p><\/p>\n<\/div><\/div>\n<\/div><\/div>\n\n\n\n<div id=\"terminbuchung\" class=\"wp-block-group\"><div class=\"wp-block-group__inner-container is-layout-flow wp-block-group-is-layout-flow\">\n<h2 class=\"wp-block-heading\">Jetzt buchen<\/h2>\n\n\n\n<div class=\"wp-block-abc-shortcodes-booking-form\">\r\n\t<!-- Advanced Booking Calendar Booking Form - https:\/\/booking-calendar-plugin.com -->\r\n\t\r\n\t<div id=\"abc-form-wrapper\">\r\n\t\t<img decoding=\"async\" alt=\"Loading...\" src=\"https:\/\/finca-feliz-mallorca.com\/en\/wp-admin\/images\/wpspin_light.gif\" align=\"middle\" class=\"waiting\" id=\"abc_bookinform_loading\" style=\"display:none\" \/>\r\n\t\t<div id=\"abc-form-content\">\r\n\t\t\t<div class=\"abc-column\">\r\n\t\t\t\t<form class=\"abc-form\"  method=\"post\">\r\n\t\t\t\t\t<label for=\"abc-from\">Checkin<\/label>\r\n\t\t\t\t\t<div class=\"abc-input-fa\">\r\n\t\t\t\t\t\t<span class=\"fa fa-calendar\"><\/span>\r\n\t\t\t\t\t\t<input id=\"abc-from\" name=\"abc-from\" readonly=\"true\" class=\"abc-from\" value=\"\">\r\n\t\t\t\t\t<\/div>\r\n\t\t\t\t\t<label for=\"abc-to\">Checkout<\/label>\r\n\t\t\t\t\t<div class=\"abc-input-fa\">\r\n\t\t\t\t\t\t<span class=\"fa fa-calendar\"><\/span>\r\n\t\t\t\t\t\t<input id=\"abc-to\" name=\"abc-to\" readonly=\"true\" class=\"abc-to\" value=\"\">\r\n\t\t\t\t\t<\/div>\r\n\t\t\t<\/div>\r\n\t\t\t<div class=\"abc-column abc-form\">\r\n\t\t\t\t\t<label for=\"abc-persons\">Persons<\/label>\r\n\t\t\t\t\t<div class=\"abc-input-fa\">\r\n\t\t\t\t\t\t<span class=\"fa fa-female abc-guest1\"><\/span>\r\n\t\t\t\t\t\t<span class=\"fa fa-male abc-guest2\"><\/span>\r\n\t\t\t\t\t\t<select id=\"abc-persons\" name=\"abc-persons\">\r\n\t\t\t\t\t\t\t<option value=\"1\" selected>1<\/option><option value=\"2\">2<\/option>\r\n\t\t\t\t\t\t<\/select>\r\n\t\t\t\t\t<\/div>\r\n\t\t\t\t\t<input id=\"abcPostTrigger\" type=\"hidden\" name=\"abcPostTrigger\" value=\"0\">\r\n\t\t\t\t\t<input id=\"abcPostCalendarId\" type=\"hidden\" name=\"abcPostCalendarId\" value=\"undefined\">\r\n\t\t\t\t<\/form>\r\n\t\t\t<\/div>\r\n\t\t\t<div class=\"abc-form-row\">\r\n\t\t\t\t<button class=\"abc-submit\" id=\"abc-check-availabilities\"><span id=\"abc-submit-button\" class=\"abc-submit-text\">Check availabilities<\/span><span class=\"abc-submit-loading\" >Loading...<\/span><\/button>\r\n\t\t\t\t<button class=\"abc-submit\" id=\"abc-back-to-availabilities\" style=\"display: none;\"><span class=\"abc-submit-text\">Edit<\/span><\/button>\r\n\t\t\t<\/div>\r\n\r\n\t\t\t<div id=\"abc-bookingresults\"><\/div>\r\n\t\t<\/div><\/div><\/div>\n\n\n\n<p>Fragen zur Buchung? Sie k\u00f6nnen uns auch eine Mail schicken an: <a href=\"mailto:info@finca-feliz-mallorca.com\">info@finca-feliz-mallorca.com<\/a><\/p>\n<\/div><\/div>\n","protected":false},"excerpt":{"rendered":"<p>Eingebettet in einen traumhaften Garten mit Zitrushain, Feigenb\u00e4umen und Palmen liegt die landestypisch aus Naturstein erbaute Finca Feliz&nbsp; in einer ruhigen Wohngegend Bunyolas. Ob Sie auf das zum UNSESCO-Welterbe geh\u00f6rende Tramuntana-Gebirge, das Meer oder Palma blicken: Auf dem knapp 4.300 qm gro\u00dfen Grundst\u00fcck k\u00f6nnen Sie vom Alltag abschalten und die Seele baumeln lassen. Das gelegentliche&hellip; <a class=\"more-link\" href=\"https:\/\/finca-feliz-mallorca.com\/en\/\">Continue reading <span class=\"screen-reader-text\">Finca Feliz Mallorca<\/span><\/a><\/p>\n","protected":false},"author":2,"featured_media":0,"parent":0,"menu_order":0,"comment_status":"closed","ping_status":"open","template":"","meta":{"footnotes":""},"class_list":["post-2","page","type-page","status-publish","hentry","entry"],"_links":{"self":[{"href":"https:\/\/finca-feliz-mallorca.com\/en\/wp-json\/wp\/v2\/pages\/2","targetHints":{"allow":["GET"]}}],"collection":[{"href":"https:\/\/finca-feliz-mallorca.com\/en\/wp-json\/wp\/v2\/pages"}],"about":[{"href":"https:\/\/finca-feliz-mallorca.com\/en\/wp-json\/wp\/v2\/types\/page"}],"author":[{"embeddable":true,"href":"https:\/\/finca-feliz-mallorca.com\/en\/wp-json\/wp\/v2\/users\/2"}],"replies":[{"embeddable":true,"href":"https:\/\/finca-feliz-mallorca.com\/en\/wp-json\/wp\/v2\/comments?post=2"}],"version-history":[{"count":2,"href":"https:\/\/finca-feliz-mallorca.com\/en\/wp-json\/wp\/v2\/pages\/2\/revisions"}],"predecessor-version":[{"id":29,"href":"https:\/\/finca-feliz-mallorca.com\/en\/wp-json\/wp\/v2\/pages\/2\/revisions\/29"}],"wp:attachment":[{"href":"https:\/\/finca-feliz-mallorca.com\/en\/wp-json\/wp\/v2\/media?parent=2"}],"curies":[{"name":"wp","href":"https:\/\/api.w.org\/{rel}","templated":true}]}}