{"id":18,"date":"2022-01-06T10:08:53","date_gmt":"2022-01-06T09:08:53","guid":{"rendered":"https:\/\/finca-feliz-mallorca.com\/en\/?page_id=18"},"modified":"2022-01-06T10:11:30","modified_gmt":"2022-01-06T09:11:30","slug":"travel-information","status":"publish","type":"page","link":"https:\/\/finca-feliz-mallorca.com\/en\/travel-information\/","title":{"rendered":"Travel Information"},"content":{"rendered":"\n<div class=\"wp-block-group road\"><div class=\"wp-block-group__inner-container is-layout-flow wp-block-group-is-layout-flow\">\n<div class=\"wp-block-group single-track\"><div class=\"wp-block-group__inner-container is-layout-flow wp-block-group-is-layout-flow\">\n<p><strong>Kontakt:<\/strong> <a href=\"mailto:info@finca-feliz-mallorca.com\">info@finca-feliz-mallorca.com<\/a><\/p>\n\n\n\n<h4 class=\"wp-block-heading\">Entfernungen und Verkehrsverbindungen<\/h4>\n\n\n\n<figure class=\"wp-block-table\"><table class=\"columns-on-smallscreen\"><tbody>\n<tr><td><strong>Flughafen Palma<\/strong><\/td><td>21 km<\/td><\/tr>\n<tr><td><strong>Zentrum Palma<\/strong><\/td><td>15 km<\/td><\/tr>\n<tr><td><strong>Bunyola<\/strong><\/td><td>  5 km<\/td><\/tr>\n<tr><td><strong>Palmanyola (Supermarkt, Bank, Post, Metzgerei, B\u00e4cker)<\/strong><\/td><td>  2 km<\/td><\/tr>\n<tr><td><strong>Port de Soller (n\u00e4chster Strand)<\/strong><\/td><td>17 km<\/td><\/tr>\n<tr><td><strong>\u00d6ffentliche Verkehrsmittel<\/strong><\/td><td>Bus Nr. 205, 303<\/td><\/tr>\n<\/tbody><\/table><\/figure>\n\n\n\n<div class=\"wp-block-group section important-information\"><div class=\"wp-block-group__inner-container is-layout-flow wp-block-group-is-layout-flow\">\n<h4 class=\"wp-block-heading\">Aktuelle Corona-Regeln f\u00fcr Reisen nach Mallorca<\/h4>\n\n\n\n<p>Informationen zu aktuellen Regeln finden Sie zum Beispiel auf der Website der spanischen Botschaft in Deutschland: <a href=\"http:\/\/www.exteriores.gob.es\/Embajadas\/BERLIN\/de\/Noticias\/Pages\/Articulos\/20200203_NOT1.aspx\" target=\"_blank\" rel=\"noopener\">exteriores.gob.es\/Embajadas\/Berlin\/de\/\u2026<\/a><\/p>\n\n\n\n<p>Die Formulare f\u00fcr die zur Ein- und Ausreise erforderlichen Formalit\u00e4ten sind hier zu finden: <a href=\"https:\/\/www.spth.gob.es\/\" target=\"_blank\" rel=\"noopener\">spth.gob.es<\/a><\/p>\n<\/div><\/div>\n<\/div><\/div>\n<\/div><\/div>\n","protected":false},"excerpt":{"rendered":"<p>Kontakt: info@finca-feliz-mallorca.com Entfernungen und Verkehrsverbindungen Flughafen Palma 21 km Zentrum Palma 15 km Bunyola 5 km Palmanyola (Supermarkt, Bank, Post, Metzgerei, B\u00e4cker) 2 km Port de Soller (n\u00e4chster Strand) 17 km \u00d6ffentliche Verkehrsmittel Bus Nr. 205, 303 Aktuelle Corona-Regeln f\u00fcr Reisen nach Mallorca Informationen zu aktuellen Regeln finden Sie zum Beispiel auf der Website der&hellip; <a class=\"more-link\" href=\"https:\/\/finca-feliz-mallorca.com\/en\/travel-information\/\">Continue reading <span class=\"screen-reader-text\">Travel Information<\/span><\/a><\/p>\n","protected":false},"author":2,"featured_media":0,"parent":0,"menu_order":0,"comment_status":"closed","ping_status":"closed","template":"","meta":{"footnotes":""},"class_list":["post-18","page","type-page","status-publish","hentry","entry"],"_links":{"self":[{"href":"https:\/\/finca-feliz-mallorca.com\/en\/wp-json\/wp\/v2\/pages\/18","targetHints":{"allow":["GET"]}}],"collection":[{"href":"https:\/\/finca-feliz-mallorca.com\/en\/wp-json\/wp\/v2\/pages"}],"about":[{"href":"https:\/\/finca-feliz-mallorca.com\/en\/wp-json\/wp\/v2\/types\/page"}],"author":[{"embeddable":true,"href":"https:\/\/finca-feliz-mallorca.com\/en\/wp-json\/wp\/v2\/users\/2"}],"replies":[{"embeddable":true,"href":"https:\/\/finca-feliz-mallorca.com\/en\/wp-json\/wp\/v2\/comments?post=18"}],"version-history":[{"count":1,"href":"https:\/\/finca-feliz-mallorca.com\/en\/wp-json\/wp\/v2\/pages\/18\/revisions"}],"predecessor-version":[{"id":19,"href":"https:\/\/finca-feliz-mallorca.com\/en\/wp-json\/wp\/v2\/pages\/18\/revisions\/19"}],"wp:attachment":[{"href":"https:\/\/finca-feliz-mallorca.com\/en\/wp-json\/wp\/v2\/media?parent=18"}],"curies":[{"name":"wp","href":"https:\/\/api.w.org\/{rel}","templated":true}]}}